{"id":494,"date":"2018-10-09T16:04:39","date_gmt":"2018-10-09T13:04:39","guid":{"rendered":"http:\/\/maanrakennuskaartoaho.fi\/fin\/?page_id=494"},"modified":"2024-03-06T14:35:32","modified_gmt":"2024-03-06T12:35:32","slug":"yritys","status":"publish","type":"page","link":"https:\/\/maanrakennuskaartoaho.fi\/fin\/yritys\/","title":{"rendered":"Tietoa meist\u00e4"},"content":{"rendered":"\t\t<div data-elementor-type=\"wp-page\" data-elementor-id=\"494\" class=\"elementor elementor-494\">\n\t\t\t\t<div class=\"elementor-element elementor-element-54d8f55 e-con-full e-flex e-con e-parent\" data-id=\"54d8f55\" data-element_type=\"container\" data-settings=\"{&quot;content_width&quot;:&quot;full&quot;}\" data-core-v316-plus=\"true\">\n\t\t\t\t<div class=\"elementor-element elementor-element-5c3bf9c elementor-widget elementor-widget-image\" data-id=\"5c3bf9c\" data-element_type=\"widget\" data-widget_type=\"image.default\">\n\t\t\t\t<div class=\"elementor-widget-container\">\n\t\t\t<style>\/*! elementor - v3.19.0 - 28-02-2024 *\/\n.elementor-widget-image{text-align:center}.elementor-widget-image a{display:inline-block}.elementor-widget-image a img[src$=\".svg\"]{width:48px}.elementor-widget-image img{vertical-align:middle;display:inline-block}<\/style>\t\t\t\t\t\t\t\t\t\t<img decoding=\"async\" width=\"150\" height=\"150\" src=\"https:\/\/maanrakennuskaartoaho.fi\/fin\/wp-content\/uploads\/2023\/09\/Ihmiset-Kuusikulmio-Oranssi-150x150.png\" class=\"attachment-thumbnail size-thumbnail wp-image-1170\" alt=\"\" srcset=\"https:\/\/maanrakennuskaartoaho.fi\/fin\/wp-content\/uploads\/2023\/09\/Ihmiset-Kuusikulmio-Oranssi-150x150.png 150w, https:\/\/maanrakennuskaartoaho.fi\/fin\/wp-content\/uploads\/2023\/09\/Ihmiset-Kuusikulmio-Oranssi-300x300.png 300w, https:\/\/maanrakennuskaartoaho.fi\/fin\/wp-content\/uploads\/2023\/09\/Ihmiset-Kuusikulmio-Oranssi.png 500w\" sizes=\"(max-width: 150px) 100vw, 150px\" \/>\t\t\t\t\t\t\t\t\t\t\t\t\t<\/div>\n\t\t\t\t<\/div>\n\t\t\t\t<div class=\"elementor-element elementor-element-cc006d0 elementor-widget elementor-widget-heading\" data-id=\"cc006d0\" data-element_type=\"widget\" data-widget_type=\"heading.default\">\n\t\t\t\t<div class=\"elementor-widget-container\">\n\t\t\t<style>\/*! elementor - v3.19.0 - 28-02-2024 *\/\n.elementor-heading-title{padding:0;margin:0;line-height:1}.elementor-widget-heading .elementor-heading-title[class*=elementor-size-]>a{color:inherit;font-size:inherit;line-height:inherit}.elementor-widget-heading .elementor-heading-title.elementor-size-small{font-size:15px}.elementor-widget-heading .elementor-heading-title.elementor-size-medium{font-size:19px}.elementor-widget-heading .elementor-heading-title.elementor-size-large{font-size:29px}.elementor-widget-heading .elementor-heading-title.elementor-size-xl{font-size:39px}.elementor-widget-heading .elementor-heading-title.elementor-size-xxl{font-size:59px}<\/style><h1 class=\"elementor-heading-title elementor-size-default\">TIETOA MEIST\u00c4<\/h1>\t\t<\/div>\n\t\t\t\t<\/div>\n\t\t\t\t<\/div>\n\t\t<div class=\"elementor-element elementor-element-5df26a3 e-flex e-con-boxed e-con e-parent\" data-id=\"5df26a3\" data-element_type=\"container\" data-settings=\"{&quot;content_width&quot;:&quot;boxed&quot;}\" data-core-v316-plus=\"true\">\n\t\t\t\t\t<div class=\"e-con-inner\">\n\t\t\t\t<div class=\"elementor-element elementor-element-01f5749 elementor-widget elementor-widget-text-editor\" data-id=\"01f5749\" data-element_type=\"widget\" data-widget_type=\"text-editor.default\">\n\t\t\t\t<div class=\"elementor-widget-container\">\n\t\t\t<style>\/*! elementor - v3.19.0 - 28-02-2024 *\/\n.elementor-widget-text-editor.elementor-drop-cap-view-stacked .elementor-drop-cap{background-color:#69727d;color:#fff}.elementor-widget-text-editor.elementor-drop-cap-view-framed .elementor-drop-cap{color:#69727d;border:3px solid;background-color:transparent}.elementor-widget-text-editor:not(.elementor-drop-cap-view-default) .elementor-drop-cap{margin-top:8px}.elementor-widget-text-editor:not(.elementor-drop-cap-view-default) .elementor-drop-cap-letter{width:1em;height:1em}.elementor-widget-text-editor .elementor-drop-cap{float:left;text-align:center;line-height:1;font-size:50px}.elementor-widget-text-editor .elementor-drop-cap-letter{display:inline-block}<\/style>\t\t\t\t<p>Maanrakennus Kaartoaho Oy on lahtelainen, Etel\u00e4-Suomessa toimiva luotettava yhteisty\u00f6kumppani kaikenkokoisiin maanrakennusprojekteihin.<\/p><p>Yritystoimintamme l\u00e4hti k\u00e4yntiin vuonna 1993 kuormauspalvelua tarjoavana yksityisen\u00e4 elinkeinonharjoittajana nimell\u00e4 Tmi Pekka Kaartoaho. Vuodesta 1997 olemme kasvattaneet tunnettavuuttamme vastuullisena maanrakennusalan urakoitsijana toteuttaen laadukasta ja asiakasl\u00e4ht\u00f6ist\u00e4 maanrakentamista P\u00e4ij\u00e4t-H\u00e4meen sek\u00e4 Uudenmaan alueella. Yhti\u00f6muotomme muutettiin kommandiittiyhti\u00f6ksi vuonna 2010 ja osakeyhti\u00f6ksi vuonna 2020. Kotipaikkamme on Lahti.<\/p><p>Palvelumme ovat suunnattu omakotitalon ja vapaa-ajan asunnon rakentajille ja saneeraajille sek\u00e4 yrityksille, kaupungeille ja kunnille.<\/p><p>Yrityksess\u00e4mme ty\u00f6skentelee 7-10 ammattitaitoista ty\u00f6ntekij\u00e4\u00e4 sesongista riippuen. K\u00e4yt\u00f6ss\u00e4mme on nykyaikainen kone- ja kuljetuskalusto.<\/p>\t\t\t\t\t\t<\/div>\n\t\t\t\t<\/div>\n\t\t\t\t<div class=\"elementor-element elementor-element-80f0779 elementor-widget elementor-widget-heading\" data-id=\"80f0779\" data-element_type=\"widget\" data-widget_type=\"heading.default\">\n\t\t\t\t<div class=\"elementor-widget-container\">\n\t\t\t<h2 class=\"elementor-heading-title elementor-size-default\">Toiminta-alueena koko Etel\u00e4-Suomi.<\/h2>\t\t<\/div>\n\t\t\t\t<\/div>\n\t\t\t\t\t<\/div>\n\t\t\t\t<\/div>\n\t\t<div class=\"elementor-element elementor-element-cefc759 e-flex e-con-boxed e-con e-parent\" data-id=\"cefc759\" data-element_type=\"container\" data-settings=\"{&quot;content_width&quot;:&quot;boxed&quot;}\" data-core-v316-plus=\"true\">\n\t\t\t\t\t<div class=\"e-con-inner\">\n\t\t\t\t<div class=\"elementor-element elementor-element-445bba7 elementor-widget elementor-widget-image\" data-id=\"445bba7\" data-element_type=\"widget\" data-widget_type=\"image.default\">\n\t\t\t\t<div class=\"elementor-widget-container\">\n\t\t\t\t\t\t\t\t\t\t\t\t\t<img decoding=\"async\" width=\"150\" height=\"150\" src=\"https:\/\/maanrakennuskaartoaho.fi\/fin\/wp-content\/uploads\/2023\/09\/Kadet-Kuusikulmio-Oranssi-150x150.png\" class=\"attachment-thumbnail size-thumbnail wp-image-1258\" alt=\"Sopimus K\u00e4det Oranssi Suomalainen\" srcset=\"https:\/\/maanrakennuskaartoaho.fi\/fin\/wp-content\/uploads\/2023\/09\/Kadet-Kuusikulmio-Oranssi-150x150.png 150w, https:\/\/maanrakennuskaartoaho.fi\/fin\/wp-content\/uploads\/2023\/09\/Kadet-Kuusikulmio-Oranssi-300x300.png 300w, https:\/\/maanrakennuskaartoaho.fi\/fin\/wp-content\/uploads\/2023\/09\/Kadet-Kuusikulmio-Oranssi.png 500w\" sizes=\"(max-width: 150px) 100vw, 150px\" \/>\t\t\t\t\t\t\t\t\t\t\t\t\t<\/div>\n\t\t\t\t<\/div>\n\t\t\t\t<div class=\"elementor-element elementor-element-5451770 elementor-widget elementor-widget-heading\" data-id=\"5451770\" data-element_type=\"widget\" data-widget_type=\"heading.default\">\n\t\t\t\t<div class=\"elementor-widget-container\">\n\t\t\t<h2 class=\"elementor-heading-title elementor-size-default\">TOIMINTA-AJATUKSEMME<\/h2>\t\t<\/div>\n\t\t\t\t<\/div>\n\t\t\t\t<div class=\"elementor-element elementor-element-4984c6c elementor-widget elementor-widget-text-editor\" data-id=\"4984c6c\" data-element_type=\"widget\" data-widget_type=\"text-editor.default\">\n\t\t\t\t<div class=\"elementor-widget-container\">\n\t\t\t\t\t\t\t<p>Maanrakennus Kaartoaho Oy:n toiminta-ajatuksena on toteuttaa laadukkaita, asiakasl\u00e4ht\u00f6isi\u00e4 ja sovitussa aikataulussa pysyvi\u00e4 maanrakennuspalveluita, sek\u00e4 olla vastuullinen yhteisty\u00f6kumppani erilaisissa maanrakentamiseen liittyviss\u00e4 projekteissa.<\/p>\t\t\t\t\t\t<\/div>\n\t\t\t\t<\/div>\n\t\t\t\t\t<\/div>\n\t\t\t\t<\/div>\n\t\t<div class=\"elementor-element elementor-element-d676fb8 e-flex e-con-boxed e-con e-parent\" data-id=\"d676fb8\" data-element_type=\"container\" data-settings=\"{&quot;content_width&quot;:&quot;boxed&quot;}\" data-core-v316-plus=\"true\">\n\t\t\t\t\t<div class=\"e-con-inner\">\n\t\t<div class=\"elementor-element elementor-element-2612578 e-con-full e-flex e-con e-child\" data-id=\"2612578\" data-element_type=\"container\" data-settings=\"{&quot;content_width&quot;:&quot;full&quot;}\">\n\t\t\t\t<div class=\"elementor-element elementor-element-6ef646e elementor-widget elementor-widget-heading\" data-id=\"6ef646e\" data-element_type=\"widget\" data-widget_type=\"heading.default\">\n\t\t\t\t<div class=\"elementor-widget-container\">\n\t\t\t<h3 class=\"elementor-heading-title elementor-size-default\">Laatu<\/h3>\t\t<\/div>\n\t\t\t\t<\/div>\n\t\t\t\t<div class=\"elementor-element elementor-element-0c1559b elementor-widget elementor-widget-text-editor\" data-id=\"0c1559b\" data-element_type=\"widget\" data-widget_type=\"text-editor.default\">\n\t\t\t\t<div class=\"elementor-widget-container\">\n\t\t\t\t\t\t\t<p>Toimintamme ja laatutavoitteemme ovat RALA ry:n hyv\u00e4ksym\u00e4n laatuj\u00e4rjestelm\u00e4n mukaisia. Tarkalla laadunvalvonnalla vaikutamme my\u00f6s kustannusten ja riskien hallintaan.<\/p>\t\t\t\t\t\t<\/div>\n\t\t\t\t<\/div>\n\t\t\t\t<\/div>\n\t\t<div class=\"elementor-element elementor-element-b5f53c1 e-con-full e-flex e-con e-child\" data-id=\"b5f53c1\" data-element_type=\"container\" data-settings=\"{&quot;content_width&quot;:&quot;full&quot;}\">\n\t\t\t\t<div class=\"elementor-element elementor-element-97ef9e0 elementor-widget elementor-widget-heading\" data-id=\"97ef9e0\" data-element_type=\"widget\" data-widget_type=\"heading.default\">\n\t\t\t\t<div class=\"elementor-widget-container\">\n\t\t\t<h3 class=\"elementor-heading-title elementor-size-default\">Asiakasl\u00e4ht\u00f6isyys<\/h3>\t\t<\/div>\n\t\t\t\t<\/div>\n\t\t\t\t<div class=\"elementor-element elementor-element-24c6850 elementor-widget elementor-widget-text-editor\" data-id=\"24c6850\" data-element_type=\"widget\" data-widget_type=\"text-editor.default\">\n\t\t\t\t<div class=\"elementor-widget-container\">\n\t\t\t\t\t\t\t<p>Ty\u00f6ymp\u00e4rist\u00f6mme kehitt\u00e4minen ja henkil\u00f6kuntamme jatkuva kouluttaminen takaavat asiakkaillemme motivoituneen ja osaavan yhteisty\u00f6kumppanin. Tavoitteenamme on saavuttaa uusia asiakkaita tarjoamalla r\u00e4\u00e4t\u00e4l\u00f6ityj\u00e4 maanrakennuspalveluja asiakkaidemme toiveet huomioiden.<\/p>\t\t\t\t\t\t<\/div>\n\t\t\t\t<\/div>\n\t\t\t\t<\/div>\n\t\t<div class=\"elementor-element elementor-element-73a29bc e-con-full e-flex e-con e-child\" data-id=\"73a29bc\" data-element_type=\"container\" data-settings=\"{&quot;content_width&quot;:&quot;full&quot;}\">\n\t\t\t\t<div class=\"elementor-element elementor-element-f0806fb elementor-widget elementor-widget-heading\" data-id=\"f0806fb\" data-element_type=\"widget\" data-widget_type=\"heading.default\">\n\t\t\t\t<div class=\"elementor-widget-container\">\n\t\t\t<h3 class=\"elementor-heading-title elementor-size-default\">Aikataulut<\/h3>\t\t<\/div>\n\t\t\t\t<\/div>\n\t\t\t\t<div class=\"elementor-element elementor-element-a9a21ca elementor-widget elementor-widget-text-editor\" data-id=\"a9a21ca\" data-element_type=\"widget\" data-widget_type=\"text-editor.default\">\n\t\t\t\t<div class=\"elementor-widget-container\">\n\t\t\t\t\t\t\t<p>Valvomme aikataulun toteutumista ja puutumme ohjaustoimenpitein aikataulupoikkeamiin, mik\u00e4li poikkeamilla on vaikutusta maanrakentamisprojektin toteutukseen. Huolehdimme maanrakentamist\u00f6iden osalta my\u00f6s oikeasta teknisest\u00e4 toteutusj\u00e4rjestyksest\u00e4.<\/p>\t\t\t\t\t\t<\/div>\n\t\t\t\t<\/div>\n\t\t\t\t<\/div>\n\t\t<div class=\"elementor-element elementor-element-7288bb6 e-con-full e-flex e-con e-child\" data-id=\"7288bb6\" data-element_type=\"container\" data-settings=\"{&quot;content_width&quot;:&quot;full&quot;}\">\n\t\t\t\t<div class=\"elementor-element elementor-element-d2f3a3b elementor-widget elementor-widget-heading\" data-id=\"d2f3a3b\" data-element_type=\"widget\" data-widget_type=\"heading.default\">\n\t\t\t\t<div class=\"elementor-widget-container\">\n\t\t\t<h3 class=\"elementor-heading-title elementor-size-default\">Vastuullisuus<\/h3>\t\t<\/div>\n\t\t\t\t<\/div>\n\t\t\t\t<div class=\"elementor-element elementor-element-5034450 elementor-widget elementor-widget-text-editor\" data-id=\"5034450\" data-element_type=\"widget\" data-widget_type=\"text-editor.default\">\n\t\t\t\t<div class=\"elementor-widget-container\">\n\t\t\t\t\t\t\t<p>Meille vastuullisuus tarkoittaa lopputuotteen hyv\u00e4\u00e4 laatua, eli sopimuksen mukaisten velvoitteiden ja vaatimusten t\u00e4yttymist\u00e4 sek\u00e4 sovituista suunnitelmista ja sopimuksista kiinnipit\u00e4mist\u00e4. Kuulumme Luotettava kumppani -rekisteriin.<\/p>\t\t\t\t\t\t<\/div>\n\t\t\t\t<\/div>\n\t\t\t\t<\/div>\n\t\t\t\t\t<\/div>\n\t\t\t\t<\/div>\n\t\t<div class=\"elementor-element elementor-element-3bf3f9c e-con-full e-flex e-con e-parent\" data-id=\"3bf3f9c\" data-element_type=\"container\" data-settings=\"{&quot;content_width&quot;:&quot;full&quot;}\" data-core-v316-plus=\"true\">\n\t\t<div class=\"elementor-element elementor-element-be8b629 e-con-full e-flex e-con e-child\" data-id=\"be8b629\" data-element_type=\"container\" data-settings=\"{&quot;content_width&quot;:&quot;full&quot;}\">\n\t\t\t\t<div class=\"elementor-element elementor-element-ec8196d elementor-widget elementor-widget-image\" data-id=\"ec8196d\" data-element_type=\"widget\" data-widget_type=\"image.default\">\n\t\t\t\t<div class=\"elementor-widget-container\">\n\t\t\t\t\t\t\t\t\t\t\t\t\t<img decoding=\"async\" width=\"284\" height=\"133\" src=\"https:\/\/maanrakennuskaartoaho.fi\/fin\/wp-content\/uploads\/2024\/03\/Luotettava-Kumppani-e1692690057919-150x133-1.webp\" class=\"attachment-large size-large wp-image-1338\" alt=\"Luotettava Kumppani\" \/>\t\t\t\t\t\t\t\t\t\t\t\t\t<\/div>\n\t\t\t\t<\/div>\n\t\t\t\t<\/div>\n\t\t<div class=\"elementor-element elementor-element-100f6cb e-con-full e-flex e-con e-child\" data-id=\"100f6cb\" data-element_type=\"container\" data-settings=\"{&quot;content_width&quot;:&quot;full&quot;}\">\n\t\t\t\t<div class=\"elementor-element elementor-element-81538cc elementor-widget elementor-widget-image\" data-id=\"81538cc\" data-element_type=\"widget\" data-widget_type=\"image.default\">\n\t\t\t\t<div class=\"elementor-widget-container\">\n\t\t\t\t\t\t\t\t\t\t\t\t\t<img loading=\"lazy\" decoding=\"async\" width=\"300\" height=\"222\" src=\"https:\/\/maanrakennuskaartoaho.fi\/fin\/wp-content\/uploads\/2024\/03\/AA-logo-2022-FI-300x222-1.webp\" class=\"attachment-large size-large wp-image-1335\" alt=\"AA Luottoluokitus\" \/>\t\t\t\t\t\t\t\t\t\t\t\t\t<\/div>\n\t\t\t\t<\/div>\n\t\t\t\t<\/div>\n\t\t\t\t<\/div>\n\t\t\t\t<\/div>\n\t\t","protected":false},"excerpt":{"rendered":"<p>TIETOA MEIST\u00c4 Maanrakennus Kaartoaho Oy on lahtelainen, Etel\u00e4-Suomessa toimiva luotettava yhteisty\u00f6kumppani kaikenkokoisiin maanrakennusprojekteihin. Yritystoimintamme l\u00e4hti k\u00e4yntiin vuonna 1993 kuormauspalvelua tarjoavana yksityisen\u00e4 elinkeinonharjoittajana nimell\u00e4 Tmi Pekka Kaartoaho. Vuodesta 1997 olemme kasvattaneet tunnettavuuttamme vastuullisena maanrakennusalan urakoitsijana toteuttaen laadukasta ja asiakasl\u00e4ht\u00f6ist\u00e4 maanrakentamista P\u00e4ij\u00e4t-H\u00e4meen sek\u00e4 Uudenmaan alueella. Yhti\u00f6muotomme muutettiin kommandiittiyhti\u00f6ksi vuonna 2010 ja osakeyhti\u00f6ksi vuonna 2020. Kotipaikkamme on Lahti. [&hellip;]<\/p>\n","protected":false},"author":1,"featured_media":0,"parent":0,"menu_order":0,"comment_status":"closed","ping_status":"closed","template":"elementor_header_footer","meta":{"om_disable_all_campaigns":false,"_monsterinsights_skip_tracking":false,"_monsterinsights_sitenote_active":false,"_monsterinsights_sitenote_note":"","_monsterinsights_sitenote_category":0,"_uf_show_specific_survey":0,"_uf_disable_surveys":false,"footnotes":""},"class_list":["post-494","page","type-page","status-publish","hentry"],"blocksy_meta":"","aioseo_notices":[],"_links":{"self":[{"href":"https:\/\/maanrakennuskaartoaho.fi\/fin\/wp-json\/wp\/v2\/pages\/494","targetHints":{"allow":["GET"]}}],"collection":[{"href":"https:\/\/maanrakennuskaartoaho.fi\/fin\/wp-json\/wp\/v2\/pages"}],"about":[{"href":"https:\/\/maanrakennuskaartoaho.fi\/fin\/wp-json\/wp\/v2\/types\/page"}],"author":[{"embeddable":true,"href":"https:\/\/maanrakennuskaartoaho.fi\/fin\/wp-json\/wp\/v2\/users\/1"}],"replies":[{"embeddable":true,"href":"https:\/\/maanrakennuskaartoaho.fi\/fin\/wp-json\/wp\/v2\/comments?post=494"}],"version-history":[{"count":100,"href":"https:\/\/maanrakennuskaartoaho.fi\/fin\/wp-json\/wp\/v2\/pages\/494\/revisions"}],"predecessor-version":[{"id":1382,"href":"https:\/\/maanrakennuskaartoaho.fi\/fin\/wp-json\/wp\/v2\/pages\/494\/revisions\/1382"}],"wp:attachment":[{"href":"https:\/\/maanrakennuskaartoaho.fi\/fin\/wp-json\/wp\/v2\/media?parent=494"}],"curies":[{"name":"wp","href":"https:\/\/api.w.org\/{rel}","templated":true}]}}