{"id":497,"date":"2018-10-09T16:05:24","date_gmt":"2018-10-09T13:05:24","guid":{"rendered":"http:\/\/maanrakennuskaartoaho.fi\/fin\/?page_id=497"},"modified":"2024-04-11T11:13:18","modified_gmt":"2024-04-11T08:13:18","slug":"yhteystiedot","status":"publish","type":"page","link":"https:\/\/maanrakennuskaartoaho.fi\/fin\/yhteystiedot\/","title":{"rendered":"Yhteystiedot"},"content":{"rendered":"\t\t<div data-elementor-type=\"wp-page\" data-elementor-id=\"497\" class=\"elementor elementor-497\">\n\t\t\t\t<div class=\"elementor-element elementor-element-3bfbd5f e-con-full e-flex e-con e-parent\" data-id=\"3bfbd5f\" data-element_type=\"container\" data-settings=\"{&quot;content_width&quot;:&quot;full&quot;}\" data-core-v316-plus=\"true\">\n\t\t\t\t<div class=\"elementor-element elementor-element-0e41fd8 elementor-widget elementor-widget-image\" data-id=\"0e41fd8\" data-element_type=\"widget\" data-widget_type=\"image.default\">\n\t\t\t\t<div class=\"elementor-widget-container\">\n\t\t\t<style>\/*! elementor - v3.19.0 - 28-02-2024 *\/\n.elementor-widget-image{text-align:center}.elementor-widget-image a{display:inline-block}.elementor-widget-image a img[src$=\".svg\"]{width:48px}.elementor-widget-image img{vertical-align:middle;display:inline-block}<\/style>\t\t\t\t\t\t\t\t\t\t<img decoding=\"async\" width=\"150\" height=\"150\" src=\"https:\/\/maanrakennuskaartoaho.fi\/fin\/wp-content\/uploads\/2023\/09\/Yhteydenotto-Kuusikulmio-White-150x150.png\" class=\"attachment-thumbnail size-thumbnail wp-image-1177\" alt=\"\" srcset=\"https:\/\/maanrakennuskaartoaho.fi\/fin\/wp-content\/uploads\/2023\/09\/Yhteydenotto-Kuusikulmio-White-150x150.png 150w, https:\/\/maanrakennuskaartoaho.fi\/fin\/wp-content\/uploads\/2023\/09\/Yhteydenotto-Kuusikulmio-White-300x300.png 300w, https:\/\/maanrakennuskaartoaho.fi\/fin\/wp-content\/uploads\/2023\/09\/Yhteydenotto-Kuusikulmio-White.png 500w\" sizes=\"(max-width: 150px) 100vw, 150px\" \/>\t\t\t\t\t\t\t\t\t\t\t\t\t<\/div>\n\t\t\t\t<\/div>\n\t\t\t\t<div class=\"elementor-element elementor-element-9c88c0d elementor-widget elementor-widget-heading\" data-id=\"9c88c0d\" data-element_type=\"widget\" data-widget_type=\"heading.default\">\n\t\t\t\t<div class=\"elementor-widget-container\">\n\t\t\t<style>\/*! elementor - v3.19.0 - 28-02-2024 *\/\n.elementor-heading-title{padding:0;margin:0;line-height:1}.elementor-widget-heading .elementor-heading-title[class*=elementor-size-]>a{color:inherit;font-size:inherit;line-height:inherit}.elementor-widget-heading .elementor-heading-title.elementor-size-small{font-size:15px}.elementor-widget-heading .elementor-heading-title.elementor-size-medium{font-size:19px}.elementor-widget-heading .elementor-heading-title.elementor-size-large{font-size:29px}.elementor-widget-heading .elementor-heading-title.elementor-size-xl{font-size:39px}.elementor-widget-heading .elementor-heading-title.elementor-size-xxl{font-size:59px}<\/style><h2 class=\"elementor-heading-title elementor-size-default\">YHTEYSTIEDOT<\/h2>\t\t<\/div>\n\t\t\t\t<\/div>\n\t\t\t\t<\/div>\n\t\t<div class=\"elementor-element elementor-element-eb14405 e-con-full e-flex e-con e-parent\" data-id=\"eb14405\" data-element_type=\"container\" data-settings=\"{&quot;content_width&quot;:&quot;full&quot;}\" data-core-v316-plus=\"true\">\n\t\t<div class=\"elementor-element elementor-element-434d0b6 e-con-full e-flex e-con e-child\" data-id=\"434d0b6\" data-element_type=\"container\" data-settings=\"{&quot;content_width&quot;:&quot;full&quot;}\">\n\t\t\t\t<div class=\"elementor-element elementor-element-801f428 elementor-widget elementor-widget-heading\" data-id=\"801f428\" data-element_type=\"widget\" data-widget_type=\"heading.default\">\n\t\t\t\t<div class=\"elementor-widget-container\">\n\t\t\t<h2 class=\"elementor-heading-title elementor-size-default\">VILLE-PEKKA KAARTOAHO<\/h2>\t\t<\/div>\n\t\t\t\t<\/div>\n\t\t\t\t<div class=\"elementor-element elementor-element-882c3c9 elementor-widget elementor-widget-text-editor\" data-id=\"882c3c9\" data-element_type=\"widget\" data-widget_type=\"text-editor.default\">\n\t\t\t\t<div class=\"elementor-widget-container\">\n\t\t\t<style>\/*! elementor - v3.19.0 - 28-02-2024 *\/\n.elementor-widget-text-editor.elementor-drop-cap-view-stacked .elementor-drop-cap{background-color:#69727d;color:#fff}.elementor-widget-text-editor.elementor-drop-cap-view-framed .elementor-drop-cap{color:#69727d;border:3px solid;background-color:transparent}.elementor-widget-text-editor:not(.elementor-drop-cap-view-default) .elementor-drop-cap{margin-top:8px}.elementor-widget-text-editor:not(.elementor-drop-cap-view-default) .elementor-drop-cap-letter{width:1em;height:1em}.elementor-widget-text-editor .elementor-drop-cap{float:left;text-align:center;line-height:1;font-size:50px}.elementor-widget-text-editor .elementor-drop-cap-letter{display:inline-block}<\/style>\t\t\t\t<p><a href=\"tel:+358403601008\">044 3601008<\/a><\/p>\t\t\t\t\t\t<\/div>\n\t\t\t\t<\/div>\n\t\t\t\t<\/div>\n\t\t<div class=\"elementor-element elementor-element-69e678c e-con-full e-flex e-con e-child\" data-id=\"69e678c\" data-element_type=\"container\" data-settings=\"{&quot;content_width&quot;:&quot;full&quot;}\">\n\t\t\t\t<div class=\"elementor-element elementor-element-709a472 elementor-widget elementor-widget-heading\" data-id=\"709a472\" data-element_type=\"widget\" data-widget_type=\"heading.default\">\n\t\t\t\t<div class=\"elementor-widget-container\">\n\t\t\t<h2 class=\"elementor-heading-title elementor-size-default\">PEKKA KAARTOAHO<\/h2>\t\t<\/div>\n\t\t\t\t<\/div>\n\t\t\t\t<div class=\"elementor-element elementor-element-18b2da0 elementor-widget elementor-widget-text-editor\" data-id=\"18b2da0\" data-element_type=\"widget\" data-widget_type=\"text-editor.default\">\n\t\t\t\t<div class=\"elementor-widget-container\">\n\t\t\t\t\t\t\t<p><a href=\"tel:+358400980115\">040 0980115<\/a><\/p>\t\t\t\t\t\t<\/div>\n\t\t\t\t<\/div>\n\t\t\t\t<\/div>\n\t\t<div class=\"elementor-element elementor-element-5d0e246 e-con-full e-flex e-con e-child\" data-id=\"5d0e246\" data-element_type=\"container\" data-settings=\"{&quot;content_width&quot;:&quot;full&quot;}\">\n\t\t\t\t<div class=\"elementor-element elementor-element-4014940 elementor-widget elementor-widget-heading\" data-id=\"4014940\" data-element_type=\"widget\" data-widget_type=\"heading.default\">\n\t\t\t\t<div class=\"elementor-widget-container\">\n\t\t\t<h2 class=\"elementor-heading-title elementor-size-default\">S\u00c4HK\u00d6POSTI<\/h2>\t\t<\/div>\n\t\t\t\t<\/div>\n\t\t\t\t<div class=\"elementor-element elementor-element-5224969 elementor-widget elementor-widget-text-editor\" data-id=\"5224969\" data-element_type=\"widget\" data-widget_type=\"text-editor.default\">\n\t\t\t\t<div class=\"elementor-widget-container\">\n\t\t\t\t\t\t\t<p><a href=\"mailto:info@maanrakennuskaartoaho.fi\">info@maanrakennuskaartoaho.fi<\/a><\/p>\t\t\t\t\t\t<\/div>\n\t\t\t\t<\/div>\n\t\t\t\t<\/div>\n\t\t<div class=\"elementor-element elementor-element-8dcd323 e-con-full e-flex e-con e-child\" data-id=\"8dcd323\" data-element_type=\"container\" data-settings=\"{&quot;content_width&quot;:&quot;full&quot;}\">\n\t\t\t\t<div class=\"elementor-element elementor-element-a6f971f elementor-widget elementor-widget-heading\" data-id=\"a6f971f\" data-element_type=\"widget\" data-widget_type=\"heading.default\">\n\t\t\t\t<div class=\"elementor-widget-container\">\n\t\t\t<h2 class=\"elementor-heading-title elementor-size-default\">POSTI- JA K\u00c4YNTIOSOITTEEMME<\/h2>\t\t<\/div>\n\t\t\t\t<\/div>\n\t\t\t\t<div class=\"elementor-element elementor-element-b163293 elementor-widget elementor-widget-text-editor\" data-id=\"b163293\" data-element_type=\"widget\" data-widget_type=\"text-editor.default\">\n\t\t\t\t<div class=\"elementor-widget-container\">\n\t\t\t\t\t\t\t<p>Paanakatu 6 F, 15150 Lahti<\/p>\t\t\t\t\t\t<\/div>\n\t\t\t\t<\/div>\n\t\t\t\t<\/div>\n\t\t\t\t<\/div>\n\t\t<div class=\"elementor-element elementor-element-379508e e-con-full e-flex e-con e-parent\" data-id=\"379508e\" data-element_type=\"container\" data-settings=\"{&quot;content_width&quot;:&quot;full&quot;}\" data-core-v316-plus=\"true\">\n\t\t<div class=\"elementor-element elementor-element-027c4a2 e-con-full e-flex e-con e-child\" data-id=\"027c4a2\" data-element_type=\"container\" data-settings=\"{&quot;content_width&quot;:&quot;full&quot;}\">\n\t\t\t\t<div class=\"elementor-element elementor-element-996d355 elementor-widget elementor-widget-image\" data-id=\"996d355\" data-element_type=\"widget\" data-widget_type=\"image.default\">\n\t\t\t\t<div class=\"elementor-widget-container\">\n\t\t\t\t\t\t\t\t\t\t\t\t\t<img decoding=\"async\" width=\"150\" height=\"150\" src=\"https:\/\/maanrakennuskaartoaho.fi\/fin\/wp-content\/uploads\/2023\/08\/Lasku-Kuusikulmio-White-150x150.png\" class=\"attachment-thumbnail size-thumbnail wp-image-926\" alt=\"\" srcset=\"https:\/\/maanrakennuskaartoaho.fi\/fin\/wp-content\/uploads\/2023\/08\/Lasku-Kuusikulmio-White-150x150.png 150w, https:\/\/maanrakennuskaartoaho.fi\/fin\/wp-content\/uploads\/2023\/08\/Lasku-Kuusikulmio-White-300x300.png 300w, https:\/\/maanrakennuskaartoaho.fi\/fin\/wp-content\/uploads\/2023\/08\/Lasku-Kuusikulmio-White.png 500w\" sizes=\"(max-width: 150px) 100vw, 150px\" \/>\t\t\t\t\t\t\t\t\t\t\t\t\t<\/div>\n\t\t\t\t<\/div>\n\t\t\t\t<div class=\"elementor-element elementor-element-9c84ae0 elementor-widget elementor-widget-heading\" data-id=\"9c84ae0\" data-element_type=\"widget\" data-widget_type=\"heading.default\">\n\t\t\t\t<div class=\"elementor-widget-container\">\n\t\t\t<h2 class=\"elementor-heading-title elementor-size-default\">LASKUTUSTIEDOT<\/h2>\t\t<\/div>\n\t\t\t\t<\/div>\n\t\t\t\t<\/div>\n\t\t<div class=\"elementor-element elementor-element-cc4fb87 e-con-full e-flex e-con e-child\" data-id=\"cc4fb87\" data-element_type=\"container\" data-settings=\"{&quot;content_width&quot;:&quot;full&quot;}\">\n\t\t\t\t<div class=\"elementor-element elementor-element-95c3764 elementor-widget elementor-widget-heading\" data-id=\"95c3764\" data-element_type=\"widget\" data-widget_type=\"heading.default\">\n\t\t\t\t<div class=\"elementor-widget-container\">\n\t\t\t<h3 class=\"elementor-heading-title elementor-size-default\">VERKKOLASKUT<\/h3>\t\t<\/div>\n\t\t\t\t<\/div>\n\t\t\t\t<div class=\"elementor-element elementor-element-5de16e0 elementor-widget elementor-widget-text-editor\" data-id=\"5de16e0\" data-element_type=\"widget\" data-widget_type=\"text-editor.default\">\n\t\t\t\t<div class=\"elementor-widget-container\">\n\t\t\t\t\t\t\t<p>Operaattori: Apix Messaging Oy<\/p><p>Verkkolaskuosoite: 003723306125<\/p><p>OVT-tunnus: 003723306125<\/p>\t\t\t\t\t\t<\/div>\n\t\t\t\t<\/div>\n\t\t\t\t<\/div>\n\t\t<div class=\"elementor-element elementor-element-f89bd6a e-con-full e-flex e-con e-child\" data-id=\"f89bd6a\" data-element_type=\"container\" data-settings=\"{&quot;content_width&quot;:&quot;full&quot;}\">\n\t\t\t\t<div class=\"elementor-element elementor-element-ee53cf9 elementor-widget elementor-widget-heading\" data-id=\"ee53cf9\" data-element_type=\"widget\" data-widget_type=\"heading.default\">\n\t\t\t\t<div class=\"elementor-widget-container\">\n\t\t\t<h3 class=\"elementor-heading-title elementor-size-default\">PAPERILASKUT<\/h3>\t\t<\/div>\n\t\t\t\t<\/div>\n\t\t\t\t<div class=\"elementor-element elementor-element-e48f3fe elementor-widget elementor-widget-text-editor\" data-id=\"e48f3fe\" data-element_type=\"widget\" data-widget_type=\"text-editor.default\">\n\t\t\t\t<div class=\"elementor-widget-container\">\n\t\t\t\t\t\t\t<p>Maanrakennus Kaartoaho Oy (Apix Skannauspalvelu)<\/p>\n<p>PL 16112<\/p>\n<p>00021 LASKUTUS<\/p>\t\t\t\t\t\t<\/div>\n\t\t\t\t<\/div>\n\t\t\t\t<\/div>\n\t\t<div class=\"elementor-element elementor-element-db91bd1 e-con-full e-flex e-con e-child\" data-id=\"db91bd1\" data-element_type=\"container\" data-settings=\"{&quot;content_width&quot;:&quot;full&quot;}\">\n\t\t\t\t<div class=\"elementor-element elementor-element-96a3030 elementor-widget elementor-widget-heading\" data-id=\"96a3030\" data-element_type=\"widget\" data-widget_type=\"heading.default\">\n\t\t\t\t<div class=\"elementor-widget-container\">\n\t\t\t<h3 class=\"elementor-heading-title elementor-size-default\">S\u00c4HK\u00d6POSTILASKUT<\/h3>\t\t<\/div>\n\t\t\t\t<\/div>\n\t\t\t\t<div class=\"elementor-element elementor-element-abbbd3c elementor-widget elementor-widget-text-editor\" data-id=\"abbbd3c\" data-element_type=\"widget\" data-widget_type=\"text-editor.default\">\n\t\t\t\t<div class=\"elementor-widget-container\">\n\t\t\t\t\t\t\t<p>003723306125@procountor.apix.fi<\/p><p>VAIN PDF-MUODOSSA<\/p>\t\t\t\t\t\t<\/div>\n\t\t\t\t<\/div>\n\t\t\t\t<\/div>\n\t\t\t\t<\/div>\n\t\t<div class=\"elementor-element elementor-element-6938ed6 e-con-full e-flex e-con e-parent\" data-id=\"6938ed6\" data-element_type=\"container\" data-settings=\"{&quot;content_width&quot;:&quot;full&quot;}\" data-core-v316-plus=\"true\">\n\t\t<div class=\"elementor-element elementor-element-4212a81 e-flex e-con-boxed e-con e-child\" data-id=\"4212a81\" data-element_type=\"container\" data-settings=\"{&quot;content_width&quot;:&quot;boxed&quot;}\">\n\t\t\t\t\t<div class=\"e-con-inner\">\n\t\t\t\t<div class=\"elementor-element elementor-element-2159537 elementor-widget elementor-widget-text-editor\" data-id=\"2159537\" data-element_type=\"widget\" data-widget_type=\"text-editor.default\">\n\t\t\t\t<div class=\"elementor-widget-container\">\n\t\t\t\t\t\t\t<p>S\u00e4hk\u00f6posti- ja paperilaskuja l\u00e4hett\u00e4ess\u00e4si otathan yhteytt\u00e4, saat tarkat laskutusohjeet meilt\u00e4.<\/p>\t\t\t\t\t\t<\/div>\n\t\t\t\t<\/div>\n\t\t\t\t\t<\/div>\n\t\t\t\t<\/div>\n\t\t\t\t<div class=\"elementor-element elementor-element-57fd073 elementor-widget elementor-widget-heading\" data-id=\"57fd073\" data-element_type=\"widget\" data-widget_type=\"heading.default\">\n\t\t\t\t<div class=\"elementor-widget-container\">\n\t\t\t<h2 class=\"elementor-heading-title elementor-size-default\">Vastuullinen yhteisty\u00f6kumppani vuodesta 1997.<\/h2>\t\t<\/div>\n\t\t\t\t<\/div>\n\t\t\t\t<\/div>\n\t\t<div class=\"elementor-element elementor-element-01ee305 e-con-full e-flex e-con e-parent\" data-id=\"01ee305\" data-element_type=\"container\" data-settings=\"{&quot;content_width&quot;:&quot;full&quot;}\" data-core-v316-plus=\"true\">\n\t\t<div class=\"elementor-element elementor-element-713f87b e-con-full e-flex e-con e-child\" data-id=\"713f87b\" data-element_type=\"container\" data-settings=\"{&quot;content_width&quot;:&quot;full&quot;}\">\n\t\t\t\t<div class=\"elementor-element elementor-element-8e70fff elementor-widget elementor-widget-image\" data-id=\"8e70fff\" data-element_type=\"widget\" data-widget_type=\"image.default\">\n\t\t\t\t<div class=\"elementor-widget-container\">\n\t\t\t\t\t\t\t\t\t\t\t\t\t<img decoding=\"async\" width=\"284\" height=\"133\" src=\"https:\/\/maanrakennuskaartoaho.fi\/fin\/wp-content\/uploads\/2023\/08\/Luotettava-Kumppani-e1692690057919.png\" class=\"attachment-large size-large wp-image-921\" alt=\"\" \/>\t\t\t\t\t\t\t\t\t\t\t\t\t<\/div>\n\t\t\t\t<\/div>\n\t\t\t\t<\/div>\n\t\t<div class=\"elementor-element elementor-element-c8e77a6 e-con-full e-flex e-con e-child\" data-id=\"c8e77a6\" data-element_type=\"container\" data-settings=\"{&quot;content_width&quot;:&quot;full&quot;}\">\n\t\t\t\t<div class=\"elementor-element elementor-element-13085a2 elementor-widget elementor-widget-image\" data-id=\"13085a2\" data-element_type=\"widget\" data-widget_type=\"image.default\">\n\t\t\t\t<div class=\"elementor-widget-container\">\n\t\t\t\t\t\t\t\t\t\t\t\t\t<img loading=\"lazy\" decoding=\"async\" width=\"300\" height=\"222\" src=\"https:\/\/maanrakennuskaartoaho.fi\/fin\/wp-content\/uploads\/2023\/08\/AA-logo-2022-FI-300x222.png\" class=\"attachment-medium size-medium wp-image-1067\" alt=\"\" srcset=\"https:\/\/maanrakennuskaartoaho.fi\/fin\/wp-content\/uploads\/2023\/08\/AA-logo-2022-FI-300x222.png 300w, https:\/\/maanrakennuskaartoaho.fi\/fin\/wp-content\/uploads\/2023\/08\/AA-logo-2022-FI.png 749w\" sizes=\"(max-width: 300px) 100vw, 300px\" \/>\t\t\t\t\t\t\t\t\t\t\t\t\t<\/div>\n\t\t\t\t<\/div>\n\t\t\t\t<\/div>\n\t\t\t\t<\/div>\n\t\t\t\t<\/div>\n\t\t","protected":false},"excerpt":{"rendered":"<p>YHTEYSTIEDOT VILLE-PEKKA KAARTOAHO 044 3601008 PEKKA KAARTOAHO 040 0980115 S\u00c4HK\u00d6POSTI info@maanrakennuskaartoaho.fi POSTI- JA K\u00c4YNTIOSOITTEEMME Paanakatu 6 F, 15150 Lahti LASKUTUSTIEDOT VERKKOLASKUT Operaattori: Apix Messaging Oy Verkkolaskuosoite: 003723306125 OVT-tunnus: 003723306125 PAPERILASKUT Maanrakennus Kaartoaho Oy (Apix Skannauspalvelu) PL 16112 00021 LASKUTUS S\u00c4HK\u00d6POSTILASKUT 003723306125@procountor.apix.fi VAIN PDF-MUODOSSA S\u00e4hk\u00f6posti- ja paperilaskuja l\u00e4hett\u00e4ess\u00e4si otathan yhteytt\u00e4, saat tarkat laskutusohjeet meilt\u00e4. Vastuullinen yhteisty\u00f6kumppani [&hellip;]<\/p>\n","protected":false},"author":1,"featured_media":0,"parent":0,"menu_order":0,"comment_status":"closed","ping_status":"closed","template":"elementor_header_footer","meta":{"om_disable_all_campaigns":false,"_monsterinsights_skip_tracking":false,"_monsterinsights_sitenote_active":false,"_monsterinsights_sitenote_note":"","_monsterinsights_sitenote_category":0,"_uf_show_specific_survey":0,"_uf_disable_surveys":false,"footnotes":""},"class_list":["post-497","page","type-page","status-publish","hentry"],"blocksy_meta":"","aioseo_notices":[],"_links":{"self":[{"href":"https:\/\/maanrakennuskaartoaho.fi\/fin\/wp-json\/wp\/v2\/pages\/497","targetHints":{"allow":["GET"]}}],"collection":[{"href":"https:\/\/maanrakennuskaartoaho.fi\/fin\/wp-json\/wp\/v2\/pages"}],"about":[{"href":"https:\/\/maanrakennuskaartoaho.fi\/fin\/wp-json\/wp\/v2\/types\/page"}],"author":[{"embeddable":true,"href":"https:\/\/maanrakennuskaartoaho.fi\/fin\/wp-json\/wp\/v2\/users\/1"}],"replies":[{"embeddable":true,"href":"https:\/\/maanrakennuskaartoaho.fi\/fin\/wp-json\/wp\/v2\/comments?post=497"}],"version-history":[{"count":68,"href":"https:\/\/maanrakennuskaartoaho.fi\/fin\/wp-json\/wp\/v2\/pages\/497\/revisions"}],"predecessor-version":[{"id":1408,"href":"https:\/\/maanrakennuskaartoaho.fi\/fin\/wp-json\/wp\/v2\/pages\/497\/revisions\/1408"}],"wp:attachment":[{"href":"https:\/\/maanrakennuskaartoaho.fi\/fin\/wp-json\/wp\/v2\/media?parent=497"}],"curies":[{"name":"wp","href":"https:\/\/api.w.org\/{rel}","templated":true}]}}